{"id":16,"date":"2021-08-18T13:49:41","date_gmt":"2021-08-18T11:49:41","guid":{"rendered":"https:\/\/www.familiendoktor.co.at\/?page_id=16"},"modified":"2021-10-11T14:08:07","modified_gmt":"2021-10-11T12:08:07","slug":"home","status":"publish","type":"page","link":"https:\/\/www.familiendoktor.co.at\/en\/","title":{"rendered":"Home"},"content":{"rendered":"","protected":false},"excerpt":{"rendered":"","protected":false},"author":1,"featured_media":0,"parent":0,"menu_order":0,"comment_status":"closed","ping_status":"closed","template":"","meta":{"footnotes":""},"class_list":["post-16","page","type-page","status-publish","hentry"],"meta_box":{"button_text_1":"Behandlungskosten","content_unter_button_1":"<p>Der Tarif f\u00fcr meine Behandlung richtet sich nach den \u00fcblichen Tarifempfehlungen f\u00fcr Wahl\u00e4rzte\/Innen. Ich ersuche Sie, die Rechnung vorerst bar oder per Erlagschein zu begleichen und dann bei Ihrer Krankenkasse um eine R\u00fcckerstattung anzusuchen.<\/p>\n","button_text_2":"Terminvereinbarung","content_unter_button_2":"<p>Bitte sagen Sie vereinbarte Termine bis sp\u00e4testens 24 Stunden vorher ab. Ansonsten muss ich die vollen Kosten der Behandlung in Rechnung stellen.<\/p>\n","box-headline-1":"F\u00dcR DIE GANZE FAMILIE","url_box_1":"https:\/\/www.familiendoktor.co.at\/familiendoktor\/","headline-box-2":"MEIN BEHANDLUNGSANSATZ","url_box_2":"https:\/\/www.familiendoktor.co.at\/leistungen\/","heading-box-3":"TEAMWORK","url_box_3":"https:\/\/www.familiendoktor.co.at\/teamwork\/","headline":"IHRE HAUS\u00c4RZTIN IM SALZBURGER LAND. ","fd-content":"<p>Willkommen in der Ordination f\u00fcr Allgemeinmedizin Dr. Anna Ranner in Leogang (<strong>Standort <a href=\"http:\/\/www.arzt-leogang.at\"><span class=\"s1\">Arztpraxis Leogang<\/span><\/a> Dr. Michael Rainer)<\/strong> im Salzburger Land. Meine Leistungen umfassen die Behandlung aller m\u00f6glichen gesundheitlichen Probleme und Krankheiten. Nicht nur im akuten Krankheitsfall, sondern auch schon pr\u00e4ventiv gesundheitserhaltend. Mein Anliegen ist es, f\u00fcr meine Patientinnen und Patienten jeweils die individuell richtige Behandlungsmethode zu finden. Von der Diagnose bis zur Wahl der richtigen Therapie bin ich die \u00c4rztin Ihres Vertrauens f\u00fcr die ganze Familie.<\/p>\n","content_bild":[{"width":800,"height":606,"file":"2021\/09\/AnnaRanner-1.jpg","sizes":{"medium":{"file":"AnnaRanner-1-300x227.jpg","width":300,"height":227,"mime-type":"image\/jpeg"},"thumbnail":{"file":"AnnaRanner-1-150x150.jpg","width":150,"height":150,"mime-type":"image\/jpeg"},"medium_large":{"file":"AnnaRanner-1-768x582.jpg","width":768,"height":582,"mime-type":"image\/jpeg"}},"image_meta":{"aperture":"0","credit":"","camera":"","caption":"","created_timestamp":"0","copyright":"","focal_length":"0","iso":"0","shutter_speed":"0","title":"","orientation":"0","keywords":[]},"ID":"84","name":"AnnaRanner-1.jpg","path":"\/home\/famftan\/public_html\/wp-content\/uploads\/2021\/09\/AnnaRanner-1.jpg","url":"https:\/\/www.familiendoktor.co.at\/wp-content\/uploads\/2021\/09\/AnnaRanner-1.jpg","title":"anna-ranner-allgemeinmedizin-familiendoktor-leogang"}]},"_links":{"self":[{"href":"https:\/\/www.familiendoktor.co.at\/en\/wp-json\/wp\/v2\/pages\/16","targetHints":{"allow":["GET"]}}],"collection":[{"href":"https:\/\/www.familiendoktor.co.at\/en\/wp-json\/wp\/v2\/pages"}],"about":[{"href":"https:\/\/www.familiendoktor.co.at\/en\/wp-json\/wp\/v2\/types\/page"}],"author":[{"embeddable":true,"href":"https:\/\/www.familiendoktor.co.at\/en\/wp-json\/wp\/v2\/users\/1"}],"replies":[{"embeddable":true,"href":"https:\/\/www.familiendoktor.co.at\/en\/wp-json\/wp\/v2\/comments?post=16"}],"version-history":[{"count":9,"href":"https:\/\/www.familiendoktor.co.at\/en\/wp-json\/wp\/v2\/pages\/16\/revisions"}],"predecessor-version":[{"id":133,"href":"https:\/\/www.familiendoktor.co.at\/en\/wp-json\/wp\/v2\/pages\/16\/revisions\/133"}],"wp:attachment":[{"href":"https:\/\/www.familiendoktor.co.at\/en\/wp-json\/wp\/v2\/media?parent=16"}],"curies":[{"name":"wp","href":"https:\/\/api.w.org\/{rel}","templated":true}]}}