{"id":70,"date":"2021-09-05T11:24:20","date_gmt":"2021-09-05T09:24:20","guid":{"rendered":"https:\/\/www.familiendoktor.co.at\/?page_id=70"},"modified":"2021-09-09T17:18:17","modified_gmt":"2021-09-09T15:18:17","slug":"familiendoktor","status":"publish","type":"page","link":"https:\/\/www.familiendoktor.co.at\/en\/familiendoktor\/","title":{"rendered":"Family Doctor"},"content":{"rendered":"","protected":false},"excerpt":{"rendered":"","protected":false},"author":1,"featured_media":81,"parent":0,"menu_order":0,"comment_status":"closed","ping_status":"closed","template":"","meta":{"footnotes":""},"class_list":["post-70","page","type-page","status-publish","has-post-thumbnail","hentry"],"meta_box":{"button_text_1":"","content_unter_button_1":"","button_text_2":"","content_unter_button_2":"","box-headline-1":"","url_box_1":"","headline-box-2":"","url_box_2":"","heading-box-3":"","url_box_3":"","headline":"VON NULL BIS HUNDERT. <br>IHRE HAUS\u00c4RZTIN F\u00dcR DIE GANZE FAMILIE.","fd-content":"<p>Ich sehe mich als \u00c4rztin f\u00fcr die ganze Familie und lasse famili\u00e4re Strukturen, Beziehungen und Verbindungen in meine Arbeit einflie\u00dfen. Diese innerfamili\u00e4ren Verkn\u00fcpfungen k\u00f6nnen f\u00fcr die Diagnostik und Behandlung sehr hilfreich sein. Den ganzheitlichen Ansatz in meiner Arbeit kann ich auf diese Weise sehr gut verwirklichen und damit meinen Patientinnen und Patienten auch individuelle Behandlungskonzepte erstellen. Grunds\u00e4tzlich versuche ich dabei, gesundheitserhaltend zu wirken anstatt erst im Krankheitsfall t\u00e4tig zu werden.<\/p>\n","content_bild":[{"width":800,"height":606,"file":"2021\/09\/AnnaRanner.jpg","sizes":{"medium":{"file":"AnnaRanner-300x227.jpg","width":300,"height":227,"mime-type":"image\/jpeg"},"thumbnail":{"file":"AnnaRanner-150x150.jpg","width":150,"height":150,"mime-type":"image\/jpeg"},"medium_large":{"file":"AnnaRanner-768x582.jpg","width":768,"height":582,"mime-type":"image\/jpeg"}},"image_meta":{"aperture":"0","credit":"","camera":"","caption":"","created_timestamp":"0","copyright":"","focal_length":"0","iso":"0","shutter_speed":"0","title":"","orientation":"0","keywords":[]},"ID":"83","name":"AnnaRanner.jpg","path":"\/home\/famftan\/public_html\/wp-content\/uploads\/2021\/09\/AnnaRanner.jpg","url":"https:\/\/www.familiendoktor.co.at\/wp-content\/uploads\/2021\/09\/AnnaRanner.jpg","title":"AnnaRanner"}]},"_links":{"self":[{"href":"https:\/\/www.familiendoktor.co.at\/en\/wp-json\/wp\/v2\/pages\/70","targetHints":{"allow":["GET"]}}],"collection":[{"href":"https:\/\/www.familiendoktor.co.at\/en\/wp-json\/wp\/v2\/pages"}],"about":[{"href":"https:\/\/www.familiendoktor.co.at\/en\/wp-json\/wp\/v2\/types\/page"}],"author":[{"embeddable":true,"href":"https:\/\/www.familiendoktor.co.at\/en\/wp-json\/wp\/v2\/users\/1"}],"replies":[{"embeddable":true,"href":"https:\/\/www.familiendoktor.co.at\/en\/wp-json\/wp\/v2\/comments?post=70"}],"version-history":[{"count":10,"href":"https:\/\/www.familiendoktor.co.at\/en\/wp-json\/wp\/v2\/pages\/70\/revisions"}],"predecessor-version":[{"id":147,"href":"https:\/\/www.familiendoktor.co.at\/en\/wp-json\/wp\/v2\/pages\/70\/revisions\/147"}],"wp:featuredmedia":[{"embeddable":true,"href":"https:\/\/www.familiendoktor.co.at\/en\/wp-json\/wp\/v2\/media\/81"}],"wp:attachment":[{"href":"https:\/\/www.familiendoktor.co.at\/en\/wp-json\/wp\/v2\/media?parent=70"}],"curies":[{"name":"wp","href":"https:\/\/api.w.org\/{rel}","templated":true}]}}